{"id":284,"date":"2021-05-24T08:38:28","date_gmt":"2021-05-24T08:38:28","guid":{"rendered":"https:\/\/www.mobiliaepartners.com\/home\/?page_id=284"},"modified":"2025-10-27T17:34:18","modified_gmt":"2025-10-27T17:34:18","slug":"societa","status":"publish","type":"page","link":"https:\/\/www.mobiliaepartners.com\/home\/societa\/","title":{"rendered":"Societ\u00e0"},"content":{"rendered":"<p>La Societ\u00e0<strong> Mobilia &amp; Partners SRL<\/strong> ha sede a Milano in Via Manlio e Gioacchino Savar\u00e8 1.<\/p>\n<p>\u00c8 regolarmente iscritta al Ruolo degli Agenti di Affari in Mediazione C.C.I.A.A. di Milano n. 254498. REA &#8211; Codice Fiscale e P.IVA 10612530963.<\/p>\n<p>\u00c8 associata F.I.M.A.A. (Federazione Italiane Mediatori ed Agenti d&#8217;Affari). \u00c8 membro di Cobaty Italia (Associazione del gruppo Cobaty International che raggruppa persone giuridiche e fisiche la cui attivit\u00e0 \u00e9 orientata verso la costruzione, l&#8217;urbanistica e l&#8217;ambiente).<\/p>\n<p>Company Founder: <strong>Gaetano Mobilia<\/strong><br \/>\nCEO: <strong>Patrizia Sabbatini<br \/>\n<\/strong><\/p>\n","protected":false},"excerpt":{"rendered":"<p>La Societ\u00e0 Mobilia &amp; Partners SRL ha sede a Milano in Via Manlio e Gioacchino Savar\u00e8 1. \u00c8 regolarmente iscritta al Ruolo degli Agenti di&hellip;<\/p>\n","protected":false},"author":1,"featured_media":0,"parent":0,"menu_order":0,"comment_status":"closed","ping_status":"closed","template":"","meta":{"footnotes":""},"class_list":{"0":"post-284","1":"page","2":"type-page","3":"status-publish","5":"no-post-thumbnail","6":"entry"},"_links":{"self":[{"href":"https:\/\/www.mobiliaepartners.com\/home\/wp-json\/wp\/v2\/pages\/284","targetHints":{"allow":["GET"]}}],"collection":[{"href":"https:\/\/www.mobiliaepartners.com\/home\/wp-json\/wp\/v2\/pages"}],"about":[{"href":"https:\/\/www.mobiliaepartners.com\/home\/wp-json\/wp\/v2\/types\/page"}],"author":[{"embeddable":true,"href":"https:\/\/www.mobiliaepartners.com\/home\/wp-json\/wp\/v2\/users\/1"}],"replies":[{"embeddable":true,"href":"https:\/\/www.mobiliaepartners.com\/home\/wp-json\/wp\/v2\/comments?post=284"}],"version-history":[{"count":5,"href":"https:\/\/www.mobiliaepartners.com\/home\/wp-json\/wp\/v2\/pages\/284\/revisions"}],"predecessor-version":[{"id":579,"href":"https:\/\/www.mobiliaepartners.com\/home\/wp-json\/wp\/v2\/pages\/284\/revisions\/579"}],"wp:attachment":[{"href":"https:\/\/www.mobiliaepartners.com\/home\/wp-json\/wp\/v2\/media?parent=284"}],"curies":[{"name":"wp","href":"https:\/\/api.w.org\/{rel}","templated":true}]}}